{"id":79410,"date":"2022-05-06T09:55:01","date_gmt":"2022-05-06T07:55:01","guid":{"rendered":"https:\/\/opplevauna.no\/laven\/"},"modified":"2026-04-26T11:17:59","modified_gmt":"2026-04-26T09:17:59","slug":"the-barn","status":"publish","type":"page","link":"https:\/\/opplevauna.no\/en\/the-barn\/","title":{"rendered":"The barn"},"content":{"rendered":"<div class=\"wpb-content-wrapper\"><p>[vc_row row_height_percent=&#8221;50&#8243; override_padding=&#8221;yes&#8221; h_padding=&#8221;2&#8243; top_padding=&#8221;7&#8243; bottom_padding=&#8221;7&#8243; back_image=&#8221;79463&#8243; back_position=&#8221;center bottom&#8221; parallax=&#8221;yes&#8221; overlay_color=&#8221;color-206756&#8243; overlay_alpha=&#8221;50&#8243; equal_height=&#8221;yes&#8221; gutter_size=&#8221;4&#8243; column_width_percent=&#8221;100&#8243; shift_y=&#8221;0&#8243; z_index=&#8221;0&#8243; mobile_visibility=&#8221;yes&#8221; uncode_shortcode_id=&#8221;236456&#8243; overlay_color_type=&#8221;uncode-palette&#8221;][vc_column column_width_percent=&#8221;100&#8243; position_vertical=&#8221;middle&#8221; align_horizontal=&#8221;align_center&#8221; gutter_size=&#8221;3&#8243; style=&#8221;dark&#8221; overlay_alpha=&#8221;50&#8243; shift_x=&#8221;0&#8243; shift_y=&#8221;0&#8243; shift_y_down=&#8221;0&#8243; z_index=&#8221;0&#8243; medium_width=&#8221;0&#8243; mobile_width=&#8221;0&#8243; width=&#8221;1\/1&#8243; uncode_shortcode_id=&#8221;958102&#8243;][vc_row_inner row_inner_height_percent=&#8221;0&#8243; overlay_alpha=&#8221;50&#8243; gutter_size=&#8221;3&#8243; shift_y=&#8221;0&#8243; z_index=&#8221;0&#8243; uncode_shortcode_id=&#8221;139093&#8243; limit_content=&#8221;&#8221;][vc_column_inner column_width_percent=&#8221;100&#8243; align_horizontal=&#8221;align_center&#8221; gutter_size=&#8221;3&#8243; style=&#8221;dark&#8221; overlay_alpha=&#8221;50&#8243; shift_x=&#8221;0&#8243; shift_y=&#8221;0&#8243; shift_y_down=&#8221;0&#8243; z_index=&#8221;0&#8243; medium_width=&#8221;0&#8243; mobile_width=&#8221;0&#8243; width=&#8221;1\/1&#8243; uncode_shortcode_id=&#8221;103639&#8243;][vc_single_image media=&#8221;79142&#8243; media_width_percent=&#8221;10&#8243; alignment=&#8221;center&#8221; uncode_shortcode_id=&#8221;129749&#8243;][vc_custom_heading auto_text=&#8221;yes&#8221; heading_semantic=&#8221;h1&#8243; text_size=&#8221;h1&#8243; sub_lead=&#8221;yes&#8221; uncode_shortcode_id=&#8221;342515&#8243; subheading=&#8221;An old barn with new life&#8221;][\/vc_custom_heading][\/vc_column_inner][\/vc_row_inner][\/vc_column][\/vc_row][vc_row row_height_percent=&#8221;50&#8243; override_padding=&#8221;yes&#8221; h_padding=&#8221;2&#8243; top_padding=&#8221;7&#8243; bottom_padding=&#8221;7&#8243; back_image=&#8221;79463&#8243; back_position=&#8221;center bottom&#8221; parallax=&#8221;yes&#8221; overlay_color=&#8221;color-206756&#8243; overlay_alpha=&#8221;50&#8243; equal_height=&#8221;yes&#8221; gutter_size=&#8221;4&#8243; column_width_percent=&#8221;100&#8243; shift_y=&#8221;0&#8243; z_index=&#8221;0&#8243; desktop_visibility=&#8221;yes&#8221; medium_visibility=&#8221;yes&#8221; uncode_shortcode_id=&#8221;657607&#8243; overlay_color_type=&#8221;uncode-palette&#8221;][vc_column column_width_percent=&#8221;100&#8243; position_vertical=&#8221;middle&#8221; align_horizontal=&#8221;align_center&#8221; gutter_size=&#8221;3&#8243; style=&#8221;dark&#8221; overlay_alpha=&#8221;50&#8243; shift_x=&#8221;0&#8243; shift_y=&#8221;0&#8243; shift_y_down=&#8221;0&#8243; z_index=&#8221;0&#8243; medium_width=&#8221;0&#8243; mobile_width=&#8221;0&#8243; width=&#8221;1\/1&#8243; uncode_shortcode_id=&#8221;958102&#8243;][vc_row_inner row_inner_height_percent=&#8221;0&#8243; overlay_alpha=&#8221;50&#8243; gutter_size=&#8221;3&#8243; shift_y=&#8221;0&#8243; z_index=&#8221;0&#8243; uncode_shortcode_id=&#8221;139093&#8243; limit_content=&#8221;&#8221;][vc_column_inner column_width_percent=&#8221;100&#8243; align_horizontal=&#8221;align_center&#8221; gutter_size=&#8221;3&#8243; style=&#8221;dark&#8221; overlay_alpha=&#8221;50&#8243; shift_x=&#8221;0&#8243; shift_y=&#8221;0&#8243; shift_y_down=&#8221;0&#8243; z_index=&#8221;0&#8243; medium_width=&#8221;0&#8243; mobile_width=&#8221;0&#8243; width=&#8221;1\/1&#8243; uncode_shortcode_id=&#8221;103639&#8243;][vc_single_image media=&#8221;79142&#8243; media_width_percent=&#8221;40&#8243; alignment=&#8221;center&#8221; uncode_shortcode_id=&#8221;102843&#8243;][vc_custom_heading auto_text=&#8221;yes&#8221; heading_semantic=&#8221;h1&#8243; text_size=&#8221;h1&#8243; uncode_shortcode_id=&#8221;428941&#8243; subheading=&#8221;An old barn with new life&#8221;][\/vc_custom_heading][\/vc_column_inner][\/vc_row_inner][\/vc_column][\/vc_row][vc_row row_height_percent=&#8221;0&#8243; override_padding=&#8221;yes&#8221; h_padding=&#8221;2&#8243; top_padding=&#8221;5&#8243; bottom_padding=&#8221;5&#8243; back_color=&#8221;color-653472&#8243; overlay_alpha=&#8221;50&#8243; gutter_size=&#8221;4&#8243; column_width_percent=&#8221;100&#8243; shift_y=&#8221;0&#8243; z_index=&#8221;0&#8243; uncode_shortcode_id=&#8221;609696&#8243; back_color_type=&#8221;uncode-palette&#8221;][vc_column width=&#8221;1\/2&#8243;][vc_row_inner limit_content=&#8221;&#8221;][vc_column_inner width=&#8221;1\/1&#8243;][vc_single_image media=&#8221;79465&#8243; media_width_percent=&#8221;100&#8243; media_ratio=&#8221;four-three&#8221; shape=&#8221;img-round&#8221; radius=&#8221;std&#8221; uncode_shortcode_id=&#8221;132812&#8243;][\/vc_column_inner][\/vc_row_inner][\/vc_column][vc_column column_width_percent=&#8221;100&#8243; position_vertical=&#8221;middle&#8221; gutter_size=&#8221;3&#8243; overlay_alpha=&#8221;50&#8243; shift_x=&#8221;0&#8243; shift_y=&#8221;0&#8243; shift_y_down=&#8221;0&#8243; z_index=&#8221;0&#8243; medium_width=&#8221;0&#8243; mobile_width=&#8221;0&#8243; width=&#8221;1\/2&#8243; uncode_shortcode_id=&#8221;539665&#8243;][vc_row_inner limit_content=&#8221;&#8221;][vc_column_inner column_width_percent=&#8221;100&#8243; gutter_size=&#8221;3&#8243; overlay_alpha=&#8221;50&#8243; shift_x=&#8221;0&#8243; shift_y=&#8221;0&#8243; shift_y_down=&#8221;0&#8243; z_index=&#8221;0&#8243; medium_width=&#8221;0&#8243; mobile_width=&#8221;0&#8243; width=&#8221;1\/1&#8243; uncode_shortcode_id=&#8221;122118&#8243;][vc_custom_heading heading_semantic=&#8221;h3&#8243; text_size=&#8221;h3&#8243; uncode_shortcode_id=&#8221;153190&#8243;]<\/p>\n<div class=\"page\" title=\"Page 2\">\n<div class=\"section\">\n<div class=\"layoutArea\">\n<div class=\"column\">\n<p>Dining room in the barn<\/p>\n<\/div>\n<\/div>\n<\/div>\n<\/div>\n<p>[\/vc_custom_heading][vc_column_text uncode_shortcode_id=&#8221;178575&#8243;]<\/p>\n<p data-start=\"87\" data-end=\"278\">With funding from <span class=\"hover:entity-accent entity-underline inline cursor-pointer align-baseline\"><span class=\"whitespace-normal\">Innovation Norway<\/span><\/span>, we have restored a part of our old barn. It now includes a dining hall, a kitchen, a small farm shop, and restrooms for our guests. We\u2019ve tried to keep as much of the original materials as possible, and let the old barn show through in the finished result. Our goal has been to take care of the history of the place, while also making the project as sustainable as we can by reusing what was already here.<\/p>\n<p data-start=\"280\" data-end=\"554\">Both private groups and companies can book the barn for different kinds of events. Contact us for booking and pricing.<\/p>\n<p>[\/vc_column_text][vc_empty_space empty_h=&#8221;2&#8243;][\/vc_column_inner][\/vc_row_inner][\/vc_column][\/vc_row][vc_row row_height_percent=&#8221;0&#8243; override_padding=&#8221;yes&#8221; h_padding=&#8221;2&#8243; top_padding=&#8221;5&#8243; bottom_padding=&#8221;5&#8243; back_color=&#8221;color-206756&#8243; overlay_alpha=&#8221;50&#8243; gutter_size=&#8221;4&#8243; column_width_percent=&#8221;100&#8243; shift_y=&#8221;0&#8243; z_index=&#8221;0&#8243; inverted_device_order=&#8221;yes&#8221; uncode_shortcode_id=&#8221;153723&#8243; back_color_type=&#8221;uncode-palette&#8221;][vc_column column_width_percent=&#8221;100&#8243; position_vertical=&#8221;middle&#8221; gutter_size=&#8221;3&#8243; overlay_alpha=&#8221;50&#8243; shift_x=&#8221;0&#8243; shift_y=&#8221;0&#8243; shift_y_down=&#8221;0&#8243; z_index=&#8221;0&#8243; medium_width=&#8221;0&#8243; mobile_width=&#8221;0&#8243; width=&#8221;1\/2&#8243; uncode_shortcode_id=&#8221;133022&#8243;][vc_row_inner limit_content=&#8221;&#8221;][vc_column_inner column_width_percent=&#8221;100&#8243; gutter_size=&#8221;3&#8243; style=&#8221;dark&#8221; overlay_alpha=&#8221;50&#8243; shift_x=&#8221;0&#8243; shift_y=&#8221;0&#8243; shift_y_down=&#8221;0&#8243; z_index=&#8221;0&#8243; medium_width=&#8221;0&#8243; mobile_width=&#8221;0&#8243; width=&#8221;1\/1&#8243; uncode_shortcode_id=&#8221;315202&#8243;][vc_custom_heading heading_semantic=&#8221;h3&#8243; text_size=&#8221;h3&#8243; uncode_shortcode_id=&#8221;193669&#8243;]<\/p>\n<div class=\"page\" title=\"Page 2\">\n<div class=\"section\">\n<div class=\"layoutArea\">\n<div class=\"column\">\n<div class=\"page\" title=\"Page 2\">\n<div class=\"section\">\n<div class=\"layoutArea\">\n<div class=\"column\">\n<p>The story of the barn<\/p>\n<\/div>\n<\/div>\n<\/div>\n<\/div>\n<\/div>\n<\/div>\n<\/div>\n<\/div>\n<p>[\/vc_custom_heading][vc_column_text uncode_shortcode_id=&#8221;807540&#8243;]The barn was built in the 1940s, and was a home for both people and animals the first decade. A family of five lived in the barn while building the main house of the farm. The farm has a rich history of human activity. Archeologists believe that this land once was a Stone Age settlement, and among other things an old sword has been found on the property, which is displayed in the NTNU University Museum in Trondheim today.[\/vc_column_text][\/vc_column_inner][\/vc_row_inner][\/vc_column][vc_column column_width_percent=&#8221;100&#8243; position_vertical=&#8221;middle&#8221; gutter_size=&#8221;3&#8243; overlay_alpha=&#8221;50&#8243; shift_x=&#8221;0&#8243; shift_y=&#8221;0&#8243; shift_y_down=&#8221;0&#8243; z_index=&#8221;0&#8243; medium_width=&#8221;0&#8243; mobile_width=&#8221;0&#8243; width=&#8221;1\/2&#8243; uncode_shortcode_id=&#8221;539665&#8243;][vc_row_inner limit_content=&#8221;&#8221;][vc_column_inner width=&#8221;1\/2&#8243;][vc_single_image media=&#8221;79555&#8243; media_width_percent=&#8221;100&#8243; media_ratio=&#8221;three-four&#8221; shape=&#8221;img-round&#8221; radius=&#8221;std&#8221; uncode_shortcode_id=&#8221;146946&#8243;][\/vc_column_inner][vc_column_inner width=&#8221;1\/2&#8243;][vc_single_image media=&#8221;79504&#8243; media_width_percent=&#8221;100&#8243; media_ratio=&#8221;three-four&#8221; shape=&#8221;img-round&#8221; radius=&#8221;std&#8221; uncode_shortcode_id=&#8221;473283&#8243;][\/vc_column_inner][\/vc_row_inner][\/vc_column][\/vc_row][vc_row row_height_percent=&#8221;60&#8243; override_padding=&#8221;yes&#8221; h_padding=&#8221;2&#8243; top_padding=&#8221;5&#8243; bottom_padding=&#8221;5&#8243; overlay_alpha=&#8221;50&#8243; gutter_size=&#8221;3&#8243; column_width_percent=&#8221;100&#8243; shift_y=&#8221;0&#8243; z_index=&#8221;0&#8243; uncode_shortcode_id=&#8221;120669&#8243; front_end_with_slider=&#8221;true&#8221;][vc_column column_width_percent=&#8221;100&#8243; gutter_size=&#8221;3&#8243; overlay_alpha=&#8221;50&#8243; shift_x=&#8221;0&#8243; shift_y=&#8221;0&#8243; shift_y_down=&#8221;0&#8243; z_index=&#8221;0&#8243; medium_width=&#8221;0&#8243; mobile_width=&#8221;0&#8243; width=&#8221;1\/1&#8243; uncode_shortcode_id=&#8221;103700&#8243;][uncode_slider slider_interval=&#8221;5000&#8243; slider_navspeed=&#8221;700&#8243; slider_loop=&#8221;yes&#8221;][vc_row_inner row_inner_height_percent=&#8221;0&#8243; back_image=&#8221;79575&#8243; back_position=&#8221;center center&#8221; overlay_alpha=&#8221;50&#8243; gutter_size=&#8221;3&#8243; shift_y=&#8221;0&#8243; z_index=&#8221;0&#8243; uncode_shortcode_id=&#8221;151787&#8243; limit_content=&#8221;yes&#8221; front_end_with_slider=&#8221;true&#8221;][vc_column_inner width=&#8221;1\/1&#8243;][\/vc_column_inner][\/vc_row_inner][vc_row_inner row_inner_height_percent=&#8221;0&#8243; back_image=&#8221;79569&#8243; back_position=&#8221;center center&#8221; overlay_alpha=&#8221;50&#8243; gutter_size=&#8221;3&#8243; shift_y=&#8221;0&#8243; z_index=&#8221;0&#8243; uncode_shortcode_id=&#8221;630046&#8243; limit_content=&#8221;yes&#8221; front_end_with_slider=&#8221;true&#8221;][vc_column_inner width=&#8221;1\/1&#8243;][\/vc_column_inner][\/vc_row_inner][vc_row_inner row_inner_height_percent=&#8221;0&#8243; back_image=&#8221;79585&#8243; back_position=&#8221;center center&#8221; overlay_alpha=&#8221;50&#8243; gutter_size=&#8221;3&#8243; shift_y=&#8221;0&#8243; z_index=&#8221;0&#8243; uncode_shortcode_id=&#8221;144887&#8243; limit_content=&#8221;yes&#8221; front_end_with_slider=&#8221;true&#8221;][vc_column_inner width=&#8221;1\/1&#8243;][\/vc_column_inner][\/vc_row_inner][vc_row_inner row_inner_height_percent=&#8221;0&#8243; back_image=&#8221;79583&#8243; back_position=&#8221;center center&#8221; overlay_alpha=&#8221;50&#8243; gutter_size=&#8221;3&#8243; shift_y=&#8221;0&#8243; z_index=&#8221;0&#8243; uncode_shortcode_id=&#8221;146990&#8243; limit_content=&#8221;yes&#8221; front_end_with_slider=&#8221;true&#8221;][vc_column_inner width=&#8221;1\/1&#8243;][\/vc_column_inner][\/vc_row_inner][\/uncode_slider][\/vc_column][\/vc_row][vc_row row_height_percent=&#8221;0&#8243; override_padding=&#8221;yes&#8221; h_padding=&#8221;2&#8243; top_padding=&#8221;5&#8243; bottom_padding=&#8221;5&#8243; back_color=&#8221;color-653472&#8243; overlay_alpha=&#8221;50&#8243; gutter_size=&#8221;3&#8243; column_width_percent=&#8221;100&#8243; shift_y=&#8221;0&#8243; z_index=&#8221;0&#8243; uncode_shortcode_id=&#8221;521688&#8243; back_color_type=&#8221;uncode-palette&#8221;][vc_column width=&#8221;1\/1&#8243;][vc_row_inner limit_content=&#8221;&#8221;][vc_column_inner column_width_percent=&#8221;100&#8243; align_horizontal=&#8221;align_center&#8221; gutter_size=&#8221;3&#8243; style=&#8221;light&#8221; overlay_alpha=&#8221;50&#8243; shift_x=&#8221;0&#8243; shift_y=&#8221;0&#8243; shift_y_down=&#8221;0&#8243; z_index=&#8221;0&#8243; medium_width=&#8221;0&#8243; mobile_width=&#8221;0&#8243; width=&#8221;1\/1&#8243; uncode_shortcode_id=&#8221;758670&#8243;][vc_custom_heading heading_semantic=&#8221;h3&#8243; text_size=&#8221;h3&#8243; uncode_shortcode_id=&#8221;200837&#8243;]V\u00e5re andre opplevelser[\/vc_custom_heading][vc_empty_space empty_h=&#8221;2&#8243;][\/vc_column_inner][\/vc_row_inner][vc_row_inner row_inner_height_percent=&#8221;0&#8243; overlay_alpha=&#8221;50&#8243; equal_height=&#8221;yes&#8221; gutter_size=&#8221;4&#8243; shift_y=&#8221;0&#8243; z_index=&#8221;0&#8243; inverted_device_order=&#8221;yes&#8221; limit_content=&#8221;&#8221; uncode_shortcode_id=&#8221;190361&#8243;][vc_column_inner column_width_percent=&#8221;100&#8243; align_horizontal=&#8221;align_center&#8221; gutter_size=&#8221;3&#8243; style=&#8221;dark&#8221; back_color=&#8221;color-206756&#8243; overlay_alpha=&#8221;50&#8243; radius=&#8221;std&#8221; shift_x=&#8221;0&#8243; shift_y=&#8221;0&#8243; shift_y_down=&#8221;0&#8243; z_index=&#8221;0&#8243; medium_width=&#8221;0&#8243; mobile_width=&#8221;0&#8243; width=&#8221;1\/3&#8243; uncode_shortcode_id=&#8221;209955&#8243; back_color_type=&#8221;uncode-palette&#8221;][vc_single_image media=&#8221;79215&#8243; media_width_percent=&#8221;100&#8243; media_ratio=&#8221;four-three&#8221; shape=&#8221;img-round&#8221; radius=&#8221;std&#8221; uncode_shortcode_id=&#8221;205739&#8243;][vc_custom_heading heading_semantic=&#8221;h5&#8243; text_size=&#8221;h5&#8243; uncode_shortcode_id=&#8221;206923&#8243;]Recreation[\/vc_custom_heading][vc_column_text uncode_shortcode_id=&#8221;350589&#8243;]Utforsk skj\u00e6rg\u00e5rden i SUP-brett eller sit-on-top kajakk. Du kan ogs\u00e5 ta turen opp til flotte fjell i omr\u00e5det. Fra igloen kan du blant annet g\u00e5 opp til popul\u00e6re V\u00e5gfjellet, som byr som flott utsikt over hav og fjell.[\/vc_column_text][vc_button size=&#8221;btn-link&#8221; icon_position=&#8221;right&#8221; scale_mobile=&#8221;no&#8221; icon=&#8221;fa fa-arrow-right2&#8243; uncode_shortcode_id=&#8221;209980&#8243; link=&#8221;url:https%3A%2F%2Fopplevauna.no%2Frekreasjon%2F|title:Rekreasjon&#8221;]Read more[\/vc_button][\/vc_column_inner][vc_column_inner column_width_percent=&#8221;100&#8243; align_horizontal=&#8221;align_center&#8221; gutter_size=&#8221;3&#8243; style=&#8221;dark&#8221; back_color=&#8221;color-206756&#8243; overlay_alpha=&#8221;50&#8243; radius=&#8221;std&#8221; shift_x=&#8221;0&#8243; shift_y=&#8221;0&#8243; shift_y_down=&#8221;0&#8243; z_index=&#8221;0&#8243; medium_width=&#8221;0&#8243; mobile_width=&#8221;0&#8243; width=&#8221;1\/3&#8243; uncode_shortcode_id=&#8221;148219&#8243; back_color_type=&#8221;uncode-palette&#8221;][vc_single_image media=&#8221;79483&#8243; media_width_percent=&#8221;100&#8243; media_ratio=&#8221;four-three&#8221; shape=&#8221;img-round&#8221; radius=&#8221;std&#8221; uncode_shortcode_id=&#8221;134095&#8243;][vc_custom_heading heading_semantic=&#8221;h5&#8243; text_size=&#8221;h5&#8243; uncode_shortcode_id=&#8221;103227&#8243;]Glamping[\/vc_custom_heading][vc_column_text uncode_shortcode_id=&#8221;154271&#8243;]Book en unik overnattingsopplevelse i \u00e9n av v\u00e5re to glassigloer: Auna Sea Iglo (idyllisk plassert ved sj\u00f8kanten) eller Auna Eye Iglo (plassert i h\u00f8yden med fantastisk havutsikt)[\/vc_column_text][vc_button size=&#8221;btn-link&#8221; icon_position=&#8221;right&#8221; scale_mobile=&#8221;no&#8221; icon=&#8221;fa fa-arrow-right2&#8243; uncode_shortcode_id=&#8221;182192&#8243; link=&#8221;url:https%3A%2F%2Fopplevauna.no%2Fglamping%2F|title:Glamping&#8221;]Read more[\/vc_button][\/vc_column_inner][vc_column_inner column_width_percent=&#8221;100&#8243; align_horizontal=&#8221;align_center&#8221; gutter_size=&#8221;3&#8243; style=&#8221;dark&#8221; back_color=&#8221;color-206756&#8243; overlay_alpha=&#8221;50&#8243; radius=&#8221;std&#8221; shift_x=&#8221;0&#8243; shift_y=&#8221;0&#8243; shift_y_down=&#8221;0&#8243; z_index=&#8221;0&#8243; medium_width=&#8221;0&#8243; mobile_width=&#8221;0&#8243; width=&#8221;1\/3&#8243; uncode_shortcode_id=&#8221;134306&#8243; back_color_type=&#8221;uncode-palette&#8221;][vc_single_image media=&#8221;79466&#8243; media_width_percent=&#8221;100&#8243; media_ratio=&#8221;four-three&#8221; shape=&#8221;img-round&#8221; radius=&#8221;std&#8221; uncode_shortcode_id=&#8221;139486&#8243;][vc_custom_heading heading_semantic=&#8221;h5&#8243; text_size=&#8221;h5&#8243; uncode_shortcode_id=&#8221;167154&#8243;]Alpaca[\/vc_custom_heading][vc_column_text uncode_shortcode_id=&#8221;188465&#8243;]Kom innom g\u00e5rden for \u00e5 hilse p\u00e5 disse rolige, fascinerende dyrene \u2013 alpakka! Kanskje f\u00e5r du h\u00e5ndmate de, eller tatt en selfie med dem. Du kan ogs\u00e5 booke en alpakkavandring hos oss![\/vc_column_text][vc_button size=&#8221;btn-link&#8221; icon_position=&#8221;right&#8221; scale_mobile=&#8221;no&#8221; icon=&#8221;fa fa-arrow-right2&#8243; uncode_shortcode_id=&#8221;123299&#8243; link=&#8221;url:https%3A%2F%2Fopplevauna.no%2Falpakkavandring%2F|title:Alpakkavandring&#8221;]Read more[\/vc_button][\/vc_column_inner][\/vc_row_inner][\/vc_column][\/vc_row]<\/p>\n<\/div>","protected":false},"excerpt":{"rendered":"<p>[vc_row row_height_percent=&#8221;50&#8243; override_padding=&#8221;yes&#8221; h_padding=&#8221;2&#8243; top_padding=&#8221;7&#8243; bottom_padding=&#8221;7&#8243; back_image=&#8221;79463&#8243; back_position=&#8221;center bottom&#8221; parallax=&#8221;yes&#8221; overlay_color=&#8221;color-206756&#8243; overlay_alpha=&#8221;50&#8243; equal_height=&#8221;yes&#8221; gutter_size=&#8221;4&#8243; column_width_percent=&#8221;100&#8243; shift_y=&#8221;0&#8243; z_index=&#8221;0&#8243; mobile_visibility=&#8221;yes&#8221; uncode_shortcode_id=&#8221;236456&#8243; overlay_color_type=&#8221;uncode-palette&#8221;][vc_column [&hellip;]<\/p>\n","protected":false},"author":3,"featured_media":0,"parent":0,"menu_order":0,"comment_status":"closed","ping_status":"closed","template":"","meta":{"footnotes":""},"class_list":["post-79410","page","type-page","status-publish","hentry"],"yoast_head":"<!-- This site is optimized with the Yoast SEO plugin v27.4 - https:\/\/yoast.com\/product\/yoast-seo-wordpress\/ -->\n<title>The barn - Opplev Auna<\/title>\n<meta name=\"robots\" content=\"index, follow, max-snippet:-1, max-image-preview:large, max-video-preview:-1\" \/>\n<link rel=\"canonical\" href=\"https:\/\/opplevauna.no\/en\/the-barn\/\" \/>\n<meta property=\"og:locale\" content=\"en_US\" \/>\n<meta property=\"og:type\" content=\"article\" \/>\n<meta property=\"og:title\" content=\"The barn - Opplev Auna\" \/>\n<meta property=\"og:description\" content=\"[vc_row row_height_percent=&#8221;50&#8243; override_padding=&#8221;yes&#8221; h_padding=&#8221;2&#8243; top_padding=&#8221;7&#8243; bottom_padding=&#8221;7&#8243; back_image=&#8221;79463&#8243; back_position=&#8221;center bottom&#8221; parallax=&#8221;yes&#8221; overlay_color=&#8221;color-206756&#8243; overlay_alpha=&#8221;50&#8243; equal_height=&#8221;yes&#8221; gutter_size=&#8221;4&#8243; column_width_percent=&#8221;100&#8243; shift_y=&#8221;0&#8243; z_index=&#8221;0&#8243; mobile_visibility=&#8221;yes&#8221; uncode_shortcode_id=&#8221;236456&#8243; overlay_color_type=&#8221;uncode-palette&#8221;][vc_column [&hellip;]\" \/>\n<meta property=\"og:url\" content=\"https:\/\/opplevauna.no\/en\/the-barn\/\" \/>\n<meta property=\"og:site_name\" content=\"Opplev Auna\" \/>\n<meta property=\"article:modified_time\" content=\"2026-04-26T09:17:59+00:00\" \/>\n<meta name=\"twitter:card\" content=\"summary_large_image\" \/>\n<meta name=\"twitter:label1\" content=\"Est. reading time\" \/>\n\t<meta name=\"twitter:data1\" content=\"9 minutes\" \/>\n<script type=\"application\/ld+json\" class=\"yoast-schema-graph\">{\"@context\":\"https:\\\/\\\/schema.org\",\"@graph\":[{\"@type\":\"WebPage\",\"@id\":\"https:\\\/\\\/opplevauna.no\\\/en\\\/the-barn\\\/\",\"url\":\"https:\\\/\\\/opplevauna.no\\\/en\\\/the-barn\\\/\",\"name\":\"The barn - Opplev Auna\",\"isPartOf\":{\"@id\":\"https:\\\/\\\/opplevauna.no\\\/#website\"},\"datePublished\":\"2022-05-06T07:55:01+00:00\",\"dateModified\":\"2026-04-26T09:17:59+00:00\",\"breadcrumb\":{\"@id\":\"https:\\\/\\\/opplevauna.no\\\/en\\\/the-barn\\\/#breadcrumb\"},\"inLanguage\":\"en-US\",\"potentialAction\":[{\"@type\":\"ReadAction\",\"target\":[\"https:\\\/\\\/opplevauna.no\\\/en\\\/the-barn\\\/\"]}]},{\"@type\":\"BreadcrumbList\",\"@id\":\"https:\\\/\\\/opplevauna.no\\\/en\\\/the-barn\\\/#breadcrumb\",\"itemListElement\":[{\"@type\":\"ListItem\",\"position\":1,\"name\":\"Home\",\"item\":\"https:\\\/\\\/opplevauna.no\\\/en\\\/\"},{\"@type\":\"ListItem\",\"position\":2,\"name\":\"The barn\"}]},{\"@type\":\"WebSite\",\"@id\":\"https:\\\/\\\/opplevauna.no\\\/#website\",\"url\":\"https:\\\/\\\/opplevauna.no\\\/\",\"name\":\"Opplev Auna\",\"description\":\"\",\"potentialAction\":[{\"@type\":\"SearchAction\",\"target\":{\"@type\":\"EntryPoint\",\"urlTemplate\":\"https:\\\/\\\/opplevauna.no\\\/?s={search_term_string}\"},\"query-input\":{\"@type\":\"PropertyValueSpecification\",\"valueRequired\":true,\"valueName\":\"search_term_string\"}}],\"inLanguage\":\"en-US\"}]}<\/script>\n<!-- \/ Yoast SEO plugin. -->","yoast_head_json":{"title":"The barn - Opplev Auna","robots":{"index":"index","follow":"follow","max-snippet":"max-snippet:-1","max-image-preview":"max-image-preview:large","max-video-preview":"max-video-preview:-1"},"canonical":"https:\/\/opplevauna.no\/en\/the-barn\/","og_locale":"en_US","og_type":"article","og_title":"The barn - Opplev Auna","og_description":"[vc_row row_height_percent=&#8221;50&#8243; override_padding=&#8221;yes&#8221; h_padding=&#8221;2&#8243; top_padding=&#8221;7&#8243; bottom_padding=&#8221;7&#8243; back_image=&#8221;79463&#8243; back_position=&#8221;center bottom&#8221; parallax=&#8221;yes&#8221; overlay_color=&#8221;color-206756&#8243; overlay_alpha=&#8221;50&#8243; equal_height=&#8221;yes&#8221; gutter_size=&#8221;4&#8243; column_width_percent=&#8221;100&#8243; shift_y=&#8221;0&#8243; z_index=&#8221;0&#8243; mobile_visibility=&#8221;yes&#8221; uncode_shortcode_id=&#8221;236456&#8243; overlay_color_type=&#8221;uncode-palette&#8221;][vc_column [&hellip;]","og_url":"https:\/\/opplevauna.no\/en\/the-barn\/","og_site_name":"Opplev Auna","article_modified_time":"2026-04-26T09:17:59+00:00","twitter_card":"summary_large_image","twitter_misc":{"Est. reading time":"9 minutes"},"schema":{"@context":"https:\/\/schema.org","@graph":[{"@type":"WebPage","@id":"https:\/\/opplevauna.no\/en\/the-barn\/","url":"https:\/\/opplevauna.no\/en\/the-barn\/","name":"The barn - Opplev Auna","isPartOf":{"@id":"https:\/\/opplevauna.no\/#website"},"datePublished":"2022-05-06T07:55:01+00:00","dateModified":"2026-04-26T09:17:59+00:00","breadcrumb":{"@id":"https:\/\/opplevauna.no\/en\/the-barn\/#breadcrumb"},"inLanguage":"en-US","potentialAction":[{"@type":"ReadAction","target":["https:\/\/opplevauna.no\/en\/the-barn\/"]}]},{"@type":"BreadcrumbList","@id":"https:\/\/opplevauna.no\/en\/the-barn\/#breadcrumb","itemListElement":[{"@type":"ListItem","position":1,"name":"Home","item":"https:\/\/opplevauna.no\/en\/"},{"@type":"ListItem","position":2,"name":"The barn"}]},{"@type":"WebSite","@id":"https:\/\/opplevauna.no\/#website","url":"https:\/\/opplevauna.no\/","name":"Opplev Auna","description":"","potentialAction":[{"@type":"SearchAction","target":{"@type":"EntryPoint","urlTemplate":"https:\/\/opplevauna.no\/?s={search_term_string}"},"query-input":{"@type":"PropertyValueSpecification","valueRequired":true,"valueName":"search_term_string"}}],"inLanguage":"en-US"}]}},"_links":{"self":[{"href":"https:\/\/opplevauna.no\/en\/wp-json\/wp\/v2\/pages\/79410","targetHints":{"allow":["GET"]}}],"collection":[{"href":"https:\/\/opplevauna.no\/en\/wp-json\/wp\/v2\/pages"}],"about":[{"href":"https:\/\/opplevauna.no\/en\/wp-json\/wp\/v2\/types\/page"}],"author":[{"embeddable":true,"href":"https:\/\/opplevauna.no\/en\/wp-json\/wp\/v2\/users\/3"}],"replies":[{"embeddable":true,"href":"https:\/\/opplevauna.no\/en\/wp-json\/wp\/v2\/comments?post=79410"}],"version-history":[{"count":0,"href":"https:\/\/opplevauna.no\/en\/wp-json\/wp\/v2\/pages\/79410\/revisions"}],"wp:attachment":[{"href":"https:\/\/opplevauna.no\/en\/wp-json\/wp\/v2\/media?parent=79410"}],"curies":[{"name":"wp","href":"https:\/\/api.w.org\/{rel}","templated":true}]}}